{"id":61,"date":"2017-08-10T17:23:35","date_gmt":"2017-08-10T17:23:35","guid":{"rendered":"http:\/\/www.dkbyte.com\/?page_id=61"},"modified":"2018-06-01T16:44:03","modified_gmt":"2018-06-01T16:44:03","slug":"contactenos","status":"publish","type":"page","link":"https:\/\/www.dkbyte.com\/es\/contactenos\/","title":{"rendered":"Cont\u00e1ctenos"},"content":{"rendered":"<p>[et_pb_section bb_built=\u00bb1&#8243; fullwidth=\u00bbon\u00bb specialty=\u00bboff\u00bb][et_pb_fullwidth_map admin_label=\u00bbFullwidth Map\u00bb address_lat=\u00bb-2.155275968333434&#8243; address_lng=\u00bb-79.89015647394945&#8243; _builder_version=\u00bb3.0.66&#8243; mouse_wheel=\u00bbon\u00bb mobile_dragging=\u00bbon\u00bb child_filter_saturate=\u00bb100%\u00bb][et_pb_map_pin title=\u00bbDKBYTE\u00bb pin_address=\u00bbSan Francisco, CA, USA\u00bb pin_address_lat=\u00bb-2.155038341942977&#8243; pin_address_lng=\u00bb-79.8902020715027&#8243;]<\/p>\n<p>Edificio Trade Building, Torre A, Oficina 739C<\/p>\n<p>[\/et_pb_map_pin][\/et_pb_fullwidth_map][\/et_pb_section][et_pb_section bb_built=\u00bb1&#8243; fullwidth=\u00bboff\u00bb][et_pb_row][et_pb_column type=\u00bb2_3&#8243;][et_pb_contact_form admin_label=\u00bbContact Form\u00bb captcha=\u00bboff\u00bb title=\u00bbCont\u00e1ctenos\u00bb _builder_version=\u00bb3.0.93&#8243; use_redirect=\u00bboff\u00bb custom_button=\u00bbon\u00bb button_icon_placement=\u00bbright\u00bb border_radii=\u00bbon|0px|0px|0px|0px\u00bb success_message=\u00bbGracias por escribirnos, pronto responderemos su consulta.\u00bb email=\u00bbcontactus@dkbyte.com\u00bb custom_message=\u00bbMensaje desde el formulario web &#8211; Espa\u00f1ol||et_pb_line_break_holder||||et_pb_line_break_holder||Nombre: %%Name%%||et_pb_line_break_holder||Email: %%Email%%||et_pb_line_break_holder||Mensaje: %%Message%%\u00bb button_text_color=\u00bb#ffffff\u00bb button_bg_color=\u00bb#0c71c3&#8243; button_border_width=\u00bb0&#8243; button_border_radius=\u00bb2&#8243; box_shadow_style_button=\u00bbpreset6&#8243;][et_pb_contact_field field_title=\u00bbNombre\u00bb field_type=\u00bbinput\u00bb field_id=\u00bbName\u00bb required_mark=\u00bbon\u00bb fullwidth_field=\u00bboff\u00bb \/][et_pb_contact_field field_title=\u00bbDirecci\u00f3n de correo electr\u00f3nico\u00bb field_type=\u00bbemail\u00bb field_id=\u00bbEmail\u00bb required_mark=\u00bbon\u00bb fullwidth_field=\u00bboff\u00bb \/][et_pb_contact_field field_title=\u00bbMensaje\u00bb field_type=\u00bbtext\u00bb field_id=\u00bbMessage\u00bb required_mark=\u00bbon\u00bb fullwidth_field=\u00bbon\u00bb \/][\/et_pb_contact_form][\/et_pb_column][et_pb_column type=\u00bb1_3&#8243;][et_pb_text admin_label=\u00bbText\u00bb background_layout=\u00bblight\u00bb background_position=\u00bbtop_left\u00bb background_repeat=\u00bbrepeat\u00bb background_size=\u00bbinitial\u00bb _builder_version=\u00bb3.0.93&#8243;]<\/p>\n<h3>M\u00e1s Informaci\u00f3n<\/h3>\n<p>Si desea contactarse con nosotros escr\u00edbanos en el formulario o puede ubicarnos con los siguientes datos:<\/p>\n<p><strong>\u2022 USA<\/strong><\/p>\n<p>8009 White Star Dr. Fuquay Varina, NC 27526<\/p>\n<p><b>Tel\u00e9fono:\u00a0<\/b>+1 (919) 601-3612<\/p>\n<p><strong>\u2022 Ecuador<\/strong><\/p>\n<p>Avenida Francisco de Orellana, Edificio Blue Towers, Piso 12 Oficina 12\u00a0 Guayaquil<\/p>\n<p><b>Tel\u00e9fono<\/b>\u00a0+593 (4)\u00a0503-4836<\/p>\n<p>[\/et_pb_text][\/et_pb_column][\/et_pb_row][\/et_pb_section]<\/p>","protected":false},"excerpt":{"rendered":"<p>Edificio Trade Building, Torre A, Oficina 739C <div class=\"et_pb_row et_pb_row_0 et_pb_row_empty\">\n\t\t\t\t\n\t\t\t\t\n\t\t\t\t\n\t\t\t\t\n\t\t\t\t\n\t\t\t<\/div> M\u00e1s Informaci\u00f3n Si desea contactarse con nosotros escr\u00edbanos en el formulario o puede ubicarnos con los siguientes datos: \u2022 USA 8009 White Star Dr. Fuquay Varina, NC 27526 Tel\u00e9fono:\u00a0+1 (919) 601-3612 \u2022 Ecuador Avenida Francisco de Orellana, Edificio Blue Towers, Piso 12 Oficina 12\u00a0 Guayaquil Tel\u00e9fono\u00a0+593 (4)\u00a0503-4836<\/p>\n","protected":false},"author":1,"featured_media":0,"parent":0,"menu_order":0,"comment_status":"closed","ping_status":"closed","template":"","meta":{"_et_pb_use_builder":"on","_et_pb_old_content":"","_et_gb_content_width":"","footnotes":""},"class_list":["post-61","page","type-page","status-publish","hentry"],"_links":{"self":[{"href":"https:\/\/www.dkbyte.com\/es\/wp-json\/wp\/v2\/pages\/61","targetHints":{"allow":["GET"]}}],"collection":[{"href":"https:\/\/www.dkbyte.com\/es\/wp-json\/wp\/v2\/pages"}],"about":[{"href":"https:\/\/www.dkbyte.com\/es\/wp-json\/wp\/v2\/types\/page"}],"author":[{"embeddable":true,"href":"https:\/\/www.dkbyte.com\/es\/wp-json\/wp\/v2\/users\/1"}],"replies":[{"embeddable":true,"href":"https:\/\/www.dkbyte.com\/es\/wp-json\/wp\/v2\/comments?post=61"}],"version-history":[{"count":25,"href":"https:\/\/www.dkbyte.com\/es\/wp-json\/wp\/v2\/pages\/61\/revisions"}],"predecessor-version":[{"id":605,"href":"https:\/\/www.dkbyte.com\/es\/wp-json\/wp\/v2\/pages\/61\/revisions\/605"}],"wp:attachment":[{"href":"https:\/\/www.dkbyte.com\/es\/wp-json\/wp\/v2\/media?parent=61"}],"curies":[{"name":"wp","href":"https:\/\/api.w.org\/{rel}","templated":true}]}}